{"id":6674,"date":"2023-10-12T10:34:52","date_gmt":"2023-10-12T07:34:52","guid":{"rendered":"http:\/\/drt.com.tr\/en\/?page_id=6674"},"modified":"2025-05-30T16:09:02","modified_gmt":"2025-05-30T13:09:02","slug":"drt-farmer-academy","status":"publish","type":"page","link":"https:\/\/www.drt.com.tr\/en\/drt-farmer-academy\/","title":{"rendered":"DRT Farmer Academy"},"content":{"rendered":"\t\t<div data-elementor-type=\"wp-page\" data-elementor-id=\"6674\" class=\"elementor elementor-6674\" data-elementor-settings=\"{&quot;element_pack_global_tooltip_width&quot;:{&quot;unit&quot;:&quot;px&quot;,&quot;size&quot;:&quot;&quot;,&quot;sizes&quot;:[]},&quot;element_pack_global_tooltip_width_tablet&quot;:{&quot;unit&quot;:&quot;px&quot;,&quot;size&quot;:&quot;&quot;,&quot;sizes&quot;:[]},&quot;element_pack_global_tooltip_width_mobile&quot;:{&quot;unit&quot;:&quot;px&quot;,&quot;size&quot;:&quot;&quot;,&quot;sizes&quot;:[]},&quot;element_pack_global_tooltip_padding&quot;:{&quot;unit&quot;:&quot;px&quot;,&quot;top&quot;:&quot;&quot;,&quot;right&quot;:&quot;&quot;,&quot;bottom&quot;:&quot;&quot;,&quot;left&quot;:&quot;&quot;,&quot;isLinked&quot;:true},&quot;element_pack_global_tooltip_padding_tablet&quot;:{&quot;unit&quot;:&quot;px&quot;,&quot;top&quot;:&quot;&quot;,&quot;right&quot;:&quot;&quot;,&quot;bottom&quot;:&quot;&quot;,&quot;left&quot;:&quot;&quot;,&quot;isLinked&quot;:true},&quot;element_pack_global_tooltip_padding_mobile&quot;:{&quot;unit&quot;:&quot;px&quot;,&quot;top&quot;:&quot;&quot;,&quot;right&quot;:&quot;&quot;,&quot;bottom&quot;:&quot;&quot;,&quot;left&quot;:&quot;&quot;,&quot;isLinked&quot;:true},&quot;element_pack_global_tooltip_border_radius&quot;:{&quot;unit&quot;:&quot;px&quot;,&quot;top&quot;:&quot;&quot;,&quot;right&quot;:&quot;&quot;,&quot;bottom&quot;:&quot;&quot;,&quot;left&quot;:&quot;&quot;,&quot;isLinked&quot;:true},&quot;element_pack_global_tooltip_border_radius_tablet&quot;:{&quot;unit&quot;:&quot;px&quot;,&quot;top&quot;:&quot;&quot;,&quot;right&quot;:&quot;&quot;,&quot;bottom&quot;:&quot;&quot;,&quot;left&quot;:&quot;&quot;,&quot;isLinked&quot;:true},&quot;element_pack_global_tooltip_border_radius_mobile&quot;:{&quot;unit&quot;:&quot;px&quot;,&quot;top&quot;:&quot;&quot;,&quot;right&quot;:&quot;&quot;,&quot;bottom&quot;:&quot;&quot;,&quot;left&quot;:&quot;&quot;,&quot;isLinked&quot;:true}}\" data-elementor-post-type=\"page\">\n\t\t\t\t<div class=\"elementor-element elementor-element-a95cfd4 e-flex e-con-boxed e-con e-parent\" data-id=\"a95cfd4\" data-element_type=\"container\" data-e-type=\"container\" data-settings=\"{&quot;jet_parallax_layout_list&quot;:[]}\">\n\t\t\t\t\t<div class=\"e-con-inner\">\n\t\t\t\t<div class=\"elementor-element elementor-element-fba8222 elementor-widget elementor-widget-heading\" data-id=\"fba8222\" data-element_type=\"widget\" data-e-type=\"widget\" data-widget_type=\"heading.default\">\n\t\t\t\t<div class=\"elementor-widget-container\">\n\t\t\t\t\t<h2 class=\"elementor-heading-title elementor-size-default\">DRT Farmer Academy<\/h2>\t\t\t\t<\/div>\n\t\t\t\t<\/div>\n\t\t\t\t<div class=\"elementor-element elementor-element-b118aaf elementor-widget__width-inherit elementor-widget elementor-widget-heading\" data-id=\"b118aaf\" data-element_type=\"widget\" data-e-type=\"widget\" data-widget_type=\"heading.default\">\n\t\t\t\t<div class=\"elementor-widget-container\">\n\t\t\t\t\t<h2 class=\"elementor-heading-title elementor-size-default\">Producer Information and Support Page<\/h2>\t\t\t\t<\/div>\n\t\t\t\t<\/div>\n\t\t\t\t\t<\/div>\n\t\t\t\t<\/div>\n\t\t<div class=\"elementor-element elementor-element-1ac706a e-flex e-con-boxed e-con e-parent\" data-id=\"1ac706a\" data-element_type=\"container\" data-e-type=\"container\" data-settings=\"{&quot;jet_parallax_layout_list&quot;:[]}\">\n\t\t\t\t\t<div class=\"e-con-inner\">\n\t\t\t\t<div class=\"elementor-element elementor-element-670ac2c e-n-tabs-none elementor-widget elementor-widget-n-tabs\" data-id=\"670ac2c\" data-element_type=\"widget\" data-e-type=\"widget\" data-settings=\"{&quot;tabs_justify_horizontal&quot;:&quot;stretch&quot;,&quot;horizontal_scroll&quot;:&quot;enable&quot;}\" data-widget_type=\"nested-tabs.default\">\n\t\t\t\t<div class=\"elementor-widget-container\">\n\t\t\t\t\t\t\t<div class=\"e-n-tabs\" data-widget-number=\"108047404\" aria-label=\"Tabs. Open items with Enter or Space, close with Escape and navigate using the Arrow keys.\">\n\t\t\t<div class=\"e-n-tabs-heading\" role=\"tablist\">\n\t\t\t\t\t<button id=\"e-n-tab-title-1080474041\" data-tab-title-id=\"e-n-tab-title-1080474041\" class=\"e-n-tab-title\" aria-selected=\"true\" data-tab-index=\"1\" role=\"tab\" tabindex=\"0\" aria-controls=\"e-n-tab-content-1080474041\" style=\"--n-tabs-title-order: 1;\">\n\t\t\t\t\t\t<span class=\"e-n-tab-title-text\">\n\t\t\t\tUseful Information\t\t\t<\/span>\n\t\t<\/button>\n\t\t\t\t<button id=\"e-n-tab-title-1080474042\" data-tab-title-id=\"e-n-tab-title-1080474042\" class=\"e-n-tab-title\" aria-selected=\"false\" data-tab-index=\"2\" role=\"tab\" tabindex=\"-1\" aria-controls=\"e-n-tab-content-1080474042\" style=\"--n-tabs-title-order: 2;\">\n\t\t\t\t\t\t<span class=\"e-n-tab-title-text\">\n\t\t\t\tTrials\t\t\t<\/span>\n\t\t<\/button>\n\t\t\t\t<button id=\"e-n-tab-title-1080474043\" data-tab-title-id=\"e-n-tab-title-1080474043\" class=\"e-n-tab-title\" aria-selected=\"false\" data-tab-index=\"3\" role=\"tab\" tabindex=\"-1\" aria-controls=\"e-n-tab-content-1080474043\" style=\"--n-tabs-title-order: 3;\">\n\t\t\t\t\t\t<span class=\"e-n-tab-title-text\">\n\t\t\t\tDRT Connect\t\t\t<\/span>\n\t\t<\/button>\n\t\t\t\t\t<\/div>\n\t\t\t<div class=\"e-n-tabs-content\">\n\t\t\t\t<div id=\"e-n-tab-content-1080474041\" role=\"tabpanel\" aria-labelledby=\"e-n-tab-title-1080474041\" data-tab-index=\"1\" style=\"--n-tabs-title-order: 1;\" class=\"e-active elementor-element elementor-element-07e2a03 e-con-full e-flex e-con e-child\" data-id=\"07e2a03\" data-element_type=\"container\" data-e-type=\"container\" data-settings=\"{&quot;jet_parallax_layout_list&quot;:[]}\">\n\t\t\t\t<div class=\"elementor-element elementor-element-4775058 elementor-widget__width-initial elementor-widget-tablet__width-initial elementor-widget elementor-widget-text-editor\" data-id=\"4775058\" data-element_type=\"widget\" data-e-type=\"widget\" data-widget_type=\"text-editor.default\">\n\t\t\t\t<div class=\"elementor-widget-container\">\n\t\t\t\t\t\t\t\t\tWe share years of knowledge and experience in our &#8216;Useful Information&#8217; section to help every farmer achieve more efficient production.\t\t\t\t\t\t\t\t<\/div>\n\t\t\t\t<\/div>\n\t\t\t\t<div class=\"elementor-element elementor-element-3276229 elementor-widget elementor-widget-jet-listing-grid\" data-id=\"3276229\" data-element_type=\"widget\" data-e-type=\"widget\" data-settings=\"{&quot;columns_mobile&quot;:&quot;1&quot;,&quot;columns_tablet&quot;:&quot;2&quot;,&quot;columns&quot;:3}\" data-widget_type=\"jet-listing-grid.default\">\n\t\t\t\t<div class=\"elementor-widget-container\">\n\t\t\t\t\t<div class=\"jet-listing-grid jet-listing\"><div class=\"jet-listing-not-found jet-listing-grid__items\" data-nav=\"{&quot;enabled&quot;:false,&quot;type&quot;:null,&quot;more_el&quot;:null,&quot;query&quot;:[],&quot;widget_settings&quot;:{&quot;lisitng_id&quot;:959,&quot;posts_num&quot;:3,&quot;columns&quot;:3,&quot;columns_tablet&quot;:2,&quot;columns_mobile&quot;:1,&quot;column_min_width&quot;:240,&quot;column_min_width_tablet&quot;:240,&quot;column_min_width_mobile&quot;:240,&quot;inline_columns_css&quot;:false,&quot;is_archive_template&quot;:&quot;&quot;,&quot;post_status&quot;:[&quot;publish&quot;],&quot;use_random_posts_num&quot;:&quot;&quot;,&quot;max_posts_num&quot;:9,&quot;not_found_message&quot;:&quot;\\u0130\\u00e7erik bulunamad\\u0131. &quot;,&quot;is_masonry&quot;:false,&quot;equal_columns_height&quot;:&quot;&quot;,&quot;use_load_more&quot;:&quot;&quot;,&quot;load_more_id&quot;:&quot;&quot;,&quot;load_more_type&quot;:&quot;click&quot;,&quot;load_more_offset&quot;:null,&quot;use_custom_post_types&quot;:&quot;&quot;,&quot;custom_post_types&quot;:[],&quot;hide_widget_if&quot;:&quot;&quot;,&quot;carousel_enabled&quot;:&quot;&quot;,&quot;slides_to_scroll&quot;:&quot;1&quot;,&quot;arrows&quot;:&quot;true&quot;,&quot;arrow_icon&quot;:&quot;fa fa-angle-left&quot;,&quot;dots&quot;:&quot;&quot;,&quot;autoplay&quot;:&quot;true&quot;,&quot;pause_on_hover&quot;:&quot;true&quot;,&quot;autoplay_speed&quot;:5000,&quot;infinite&quot;:&quot;true&quot;,&quot;center_mode&quot;:&quot;&quot;,&quot;effect&quot;:&quot;slide&quot;,&quot;speed&quot;:500,&quot;inject_alternative_items&quot;:&quot;&quot;,&quot;injection_items&quot;:[],&quot;scroll_slider_enabled&quot;:&quot;&quot;,&quot;scroll_slider_on&quot;:[&quot;desktop&quot;,&quot;tablet&quot;,&quot;mobile&quot;],&quot;custom_query&quot;:false,&quot;custom_query_id&quot;:&quot;&quot;,&quot;_element_id&quot;:&quot;&quot;,&quot;collapse_first_last_gap&quot;:false,&quot;list_tag_selection&quot;:&quot;&quot;,&quot;list_items_wrapper_tag&quot;:&quot;div&quot;,&quot;list_item_tag&quot;:&quot;div&quot;,&quot;empty_items_wrapper_tag&quot;:&quot;div&quot;}}\" data-listing-source=\"posts\" data-listing-id=\"959\" data-query-id=\"\" data-queried-id=\"6674|WP_Post\">\u0130\u00e7erik bulunamad\u0131. <\/div><\/div>\t\t\t\t<\/div>\n\t\t\t\t<\/div>\n\t\t\t\t<div class=\"elementor-element elementor-element-b0aaa76 elementor-widget elementor-widget-button\" data-id=\"b0aaa76\" data-element_type=\"widget\" data-e-type=\"widget\" data-widget_type=\"button.default\">\n\t\t\t\t<div class=\"elementor-widget-container\">\n\t\t\t\t\t\t\t\t\t<div class=\"elementor-button-wrapper\">\n\t\t\t\t\t<a class=\"elementor-button elementor-button-link elementor-size-sm\" href=\"https:\/\/www.drt.com.tr\/en\/useful-information\/\">\n\t\t\t\t\t\t<span class=\"elementor-button-content-wrapper\">\n\t\t\t\t\t\t\t\t\t<span class=\"elementor-button-text\">View All<\/span>\n\t\t\t\t\t<\/span>\n\t\t\t\t\t<\/a>\n\t\t\t\t<\/div>\n\t\t\t\t\t\t\t\t<\/div>\n\t\t\t\t<\/div>\n\t\t\t\t<\/div>\n\t\t<div id=\"e-n-tab-content-1080474042\" role=\"tabpanel\" aria-labelledby=\"e-n-tab-title-1080474042\" data-tab-index=\"2\" style=\"--n-tabs-title-order: 2;\" class=\" elementor-element elementor-element-d05545d e-con-full e-flex e-con e-child\" data-id=\"d05545d\" data-element_type=\"container\" data-e-type=\"container\" data-settings=\"{&quot;jet_parallax_layout_list&quot;:[]}\">\n\t\t\t\t<div class=\"elementor-element elementor-element-7a679b4 elementor-view-default elementor-widget elementor-widget-icon\" data-id=\"7a679b4\" data-element_type=\"widget\" data-e-type=\"widget\" data-widget_type=\"icon.default\">\n\t\t\t\t<div class=\"elementor-widget-container\">\n\t\t\t\t\t\t\t<div class=\"elementor-icon-wrapper\">\n\t\t\t<div class=\"elementor-icon\">\n\t\t\t<svg xmlns=\"http:\/\/www.w3.org\/2000\/svg\" xmlns:xlink=\"http:\/\/www.w3.org\/1999\/xlink\" id=\"katman_2_00000028319834523565220890000015468147669219149192_\" x=\"0px\" y=\"0px\" viewBox=\"0 0 370.1 370\" style=\"enable-background:new 0 0 370.1 370;\" xml:space=\"preserve\"><path d=\"M366.5,83.5c-2,6-7.2,7.2-12.4,8.5c-3.6,0.9-6.2,5.4-5.3,9c0.2,0.7,0.9,1.3,1.5,1.8c2.1,1.6,4.3,3,6.3,4.6 c3.8,3,5,7.3,2.9,11.7c-1.8,3.7-3.8,7.3-6.1,10.7c-2.6,3.9-6.9,5-11.3,3.3c-1.5-0.6-3.1-1.1-4.5-2c-3.3-2.1-5.9-2-8.9,1 c-1.9,1.9-2.7,3.3-1.7,5.6c0.3,0.9,0.5,1.8,0.7,2.7c2.4,9.5,0.9,12.6-8.4,16.2c-11.5,4.5-16.1,4.7-21.4-8.4 c-0.8-1.9-1.6-3.6-4.2-3.1c-2.6,0.5-6-1.3-7.2,3c-0.5,1.8-1.5,3.4-2.4,5.1c-2.7,5.4-6.8,7.3-12.5,5.6c-3.5-1.1-6.9-2.3-10.2-3.8 c-4.8-2.2-6.6-6.2-5.4-11.3c0.3-1.4,0.5-2.8,1-4.1c1.6-3.6,1-6.2-2.5-8.5c-2.1-1.5-3.6-2-5.9-0.8c-13.3,7.3-16.4,2.4-21.7-7.3 c-0.8-1.4-1.6-2.9-2.2-4.4c-1.5-4-0.5-8.1,2.8-10.9c1.2-1,2.4-1.8,3.7-2.7c5.1-3.6,5.4-4.4,3.5-10.4c-0.3-0.8-1.3-1.6-2.2-1.9 c-2.6-0.9-5.2-1.4-7.8-2.3c-4.6-1.6-7.3-5.6-6.7-10.4c0.5-3.8,1.1-7.7,2.1-11.5c1.2-4.7,4.8-7.2,9.6-7.2c1.6,0,3.4-0.1,4.9,0.3 c3.9,0.9,6.2-0.4,7.9-4.1c1-2.2,1.5-3.7-0.3-5.6c-0.6-0.7-1.1-1.5-1.6-2.3c-5.8-8.4-5.2-11.8,2.6-18.6c8.7-7.5,13-9.7,22.5,0.7 c1.3,1.5,2.6,3.1,5,1.7c2.4-1.4,6.5-0.8,5.9-5.4c-0.1-0.9,0.3-1.9,0.3-2.8c-0.1-9.3,4.9-12.8,14.1-12.4c0.2,0,0.5,0,0.7,0 c12.4,0,14.8,2.2,15.8,14.5c0.2,2-0.4,4.3,2.6,5c3,0.7,5.6,2.9,8.7-0.7c9.6-11.2,14.3-7.1,21.8-0.7c1.3,1.1,2.5,2.2,3.6,3.4 c3.5,3.6,4,8,1.3,12.3c-1.7,2.8-3.7,5.5-5.4,8.1c0.2,0.4,0.2,0.6,0.3,0.8c1.9,5.4,5.4,7,11.2,6.3c8.4-1.1,11.4,1.7,13.2,10 c0.4,2.1,0.9,4.1,1.4,6.1C366.5,79.7,366.5,81.6,366.5,83.5z M248.7,41.5c6.5,7,9.1,13.1,3.6,22.8c-5.5,9.7-12.6,9.9-21.5,8.2 c-0.4,2.8-0.8,5-1.2,7.7c9.5,1.3,15.3,4.5,17.3,15.3c2.1,11.2-3.8,15.4-11.2,20.1c1.4,2.4,2.5,4.3,3.8,6.5c7.9-4.7,14.5-6.7,23,0.5 c8.6,7.2,7.5,14.1,4.5,22.4c1,0.5,1.6,0.8,2.3,1c4.5,1.9,4.5,1.8,6.7-2.6c0.7-1.4,1.3-2.8,2-4.1c2-3.8,5-5.8,9.4-5.6 c3.1,0.1,6.1,0.1,9.2,0c4.7-0.2,7.9,1.9,9.8,6.1c1.2,2.5,2.5,5.1,3.7,7.5c6.8-0.8,7.2-1.2,5.6-7.5c-0.3-1-0.5-2-0.8-3.1 c-1.1-4.7,0.1-8.6,4.2-11.5c2.2-1.6,4.2-3.4,6.2-5.2c3.3-3,7-3.7,11.1-1.9c2.8,1.2,5.6,2.5,8.6,3.8c1.2-2.2,2.3-4.1,3.7-6.5 c-8.3-4.5-13-9.3-11.1-20.3C339.6,84,346.3,81.7,355,80c-0.5-2.7-0.9-4.8-1.3-7.6c-9,2-15.8,1.4-21.4-8.1c-5.8-9.8-2.3-16,3.5-22.9 c-2.1-1.8-3.8-3.2-5.6-4.7c-0.7,0.6-1.3,1-1.7,1.5c-5.8,7.6-12.4,9.3-21.5,5c-8.3-3.9-9.7-4.5-10.4-13.8c-0.4-5.6-0.5-5.7-6-5.3 c-0.6,0-1.1,0.2-2,0.4c0.2,9.1-1.6,15.6-12,19.4c-10.6,3.9-15.9-0.7-21.7-7.5C252.7,38.3,251,39.7,248.7,41.5z\"><\/path><path d=\"M105,210.2c-5.3-2-7.7,1.7-9.6,6.7c-5.4,13.5-12.3,15.5-25.4,10c-1.4-0.6-2.9-1.1-4.3-1.7c-6.5-2.8-9.7-9-8.1-15.9 c0.8-3.4,1.6-6.9,2.6-10.3c0.6-2,0.2-3.3-1.5-4.5c-2.5-1.8-4.6-4.1-7.1-5.8c-1.1-0.8-3.1-1.1-4.3-0.7c-3.3,1.1-6.4,2.9-9.7,4.3 c-6.7,2.9-13.4,0.9-17.3-5.2c-2-3.2-3.9-6.4-5.7-9.8c-3.3-6.3-1.7-13,4-17.3c2.8-2.1,5.9-4,8.5-6.3c1-0.9,1.8-2.7,1.7-4 c-0.2-3.3-0.8-6.6-1.6-9.7c-0.3-1.2-1.6-2.6-2.8-3c-3.4-1.3-7-2-10.5-3.1c-6.9-2.2-10.7-8.2-9.6-15.3c0.5-3.6,1.2-7.2,1.9-10.8 c1.4-6.7,6.9-11,13.8-10.8c3.8,0.1,7.5,0.7,11.3,0.7c1.3,0,2.8-1.1,3.8-2.2c1.1-1.2,1.4-3.1,2.5-4.2c4.1-4.3,3.1-8.3-0.6-12.1 c-0.3-0.3-0.5-0.8-0.8-1.2c-7.6-9.5-6.4-17.3,3.1-24.5c1.9-1.4,3.6-3,5.5-4.4c5.4-4,12.2-3.7,17.2,0.8c2.5,2.2,4.9,4.5,7.1,6.9 c1.9,2.2,3.8,2.9,6.4,1.3c0.9-0.5,1.9-1,2.9-1.2c6.4-0.7,7.9-4.7,8.4-10.5c1.3-14.7,5-17.7,19.7-17.5c1.9,0,3.8,0,5.7,0.1 c6.1,0.4,11.2,4.9,12.2,10.9c0.6,4,0.7,8,1.5,11.9c0.2,1.3,1.5,2.7,2.7,3.3c1.8,1,4.2,1.1,5.9,2.2c4.1,2.6,6.9,1.3,9.6-2.1 c1.5-1.9,3.5-3.5,5.3-5.2c5.2-4.8,12-5.3,17.7-0.9c3.1,2.3,6.1,4.8,8.9,7.5c4.9,4.5,5.8,11.4,2.3,17.1c-2,3.2-4.4,6.2-6.2,9.4 c-0.6,1.1-0.5,3-0.1,4.4c0.5,1.6,2.1,2.9,2.6,4.6c1.6,5.5,5.3,6.4,10.3,5.5c2.2-0.4,4.5-0.5,6.7-0.6c6.6-0.2,12,3.7,13.6,10.1 c1.1,4.3,1.9,8.8,2.4,13.2c0.6,5.9-3.4,11.5-9.3,13.5c-3.6,1.2-7.3,1.9-10.8,3.2c-1.2,0.5-2.5,2-2.9,3.3c-0.8,2.6-0.8,5.4-1.5,8 c-0.8,2.8-0.3,4.6,2.3,6.1c2.7,1.6,5.2,3.6,7.8,5.5c5.7,4.3,7.3,11,4.1,17.3c-1.8,3.5-3.7,6.8-5.8,10.1c-3.8,5.8-10.3,7.8-16.7,5.2 c-3.2-1.3-6.3-2.7-9.3-4.2c-2.2-1.1-3.9-1.1-5.6,0.8c-1.5,1.6-3.2,3.3-5.1,4.3c-3.4,1.9-3.7,4.3-2.6,7.7c1,2.8,1.6,5.7,2.2,8.5 c1.5,6.6-1.5,12.7-7.7,15.4c-3.8,1.6-7.7,3.1-11.6,4.2c-6.4,1.9-12.7-0.9-15.8-6.8c-1.4-2.6-2.8-5.2-3.8-8c-1.2-3.3-3.1-5.1-6.8-4.3 C107.8,210.3,106.8,210.2,105,210.2z M183.8,109.1c-10.6,0.6-13.2-0.8-18.2-10.3c-0.6-1-1.1-2.1-1.8-3c-5.5-7.2-5.1-14,0.3-21.3 c6.4-8.6,6.1-8.8-2.5-15.3c-0.2-0.1-0.4-0.3-0.5-0.5c-1.5-1.4-2.9-1.2-4.3,0.2c-2.6,2.6-5.2,5.2-7.9,7.6c-4.3,4-9.2,5-14.7,2.9 c-3.4-1.3-6.9-2.5-10.3-3.8c-5.6-2.1-8.8-6-9.4-12.1c-0.3-3.5-0.8-7-1.1-10.6c-0.2-2-1.1-2.9-3.2-2.9c-2.7,0.1-5.4,0.1-8.1,0 c-2.6-0.1-3.6,1.2-3.7,3.6c-0.2,3.2-0.5,6.3-0.8,9.5c-0.6,6.2-3.7,10.5-9.8,12.5c-3.2,1.1-6.5,2.2-9.6,3.5c-5.8,2.3-10.8,1.3-15.3-3 c-2.6-2.4-5.1-4.9-7.6-7.4c-1.4-1.4-2.8-1.6-4.3-0.2c-2.1,1.8-4.3,3.7-6.5,5.4c-1.7,1.4-1.8,2.8-0.6,4.6c2.1,2.9,4.1,5.8,6,8.7 c3.3,5,3.4,10.1,0.3,15.3c-1.8,3-3.6,6.1-5.3,9.2c-3,5.4-7.7,7.8-13.8,7.3c-3.3-0.3-6.6-0.4-9.9-0.8c-2.3-0.3-3.6,0.5-3.9,2.9 c-0.4,2.4-0.6,4.9-1.3,7.3c-0.9,3.1,0.4,4.3,3.2,4.9c3,0.7,5.9,1.6,8.9,2.4c6.1,1.7,9.6,5.7,10.6,11.9c0.6,3.7,1.3,7.4,1.9,11.1 c0.8,5-0.8,9.1-4.5,12.4c-1.2,1.1-2.6,2-4,3c-8.9,6.4-8.8,6.3-2.8,15.6c1.3,2,2.5,2.5,4.6,1.5c3.2-1.6,6.4-3,9.6-4.4 c5.4-2.3,10.3-1.5,14.8,2.3c2.9,2.4,5.8,4.8,8.6,7.3c4.2,3.6,5.9,8.1,4.6,13.6c-0.3,1.4-0.6,2.8-1,4.1c-2.6,10.3-2.6,10.3,7.8,13.5 c2.3,0.7,3.7,0.4,4.8-2c1.4-3.3,3-6.7,4.7-9.9c2.6-4.7,6.6-7.3,12-7.2c2.8,0,5.7,0.3,8.5,0c8.7-1,13.9,2.9,17.4,10.7 c4.7,10.5,4.9,10.4,15.3,5.6c1.8-0.8,2.5-1.8,1.9-3.8c-1-3.5-1.9-7-2.7-10.6c-1.3-5.7,0.3-10.5,4.9-14.2c2.7-2.2,5.5-4.5,8.1-6.8 c4.5-4,9.6-4.8,15.1-2.5c3.1,1.3,6.3,2.7,9.3,4.2c2.2,1.1,3.7,1,4.9-1.4c1.2-2.4,2.6-4.7,4-7c1.2-1.9,0.7-3.2-1.1-4.4 c-3-2.1-6-4.1-8.9-6.4c-4.6-3.6-6.4-8.3-5.2-14.1c0.7-3.1,1.3-6.2,1.7-9.4c0.8-6.7,4.4-11,11-12.7c3.2-0.8,6.3-1.9,9.5-2.7 c2-0.5,2.7-1.6,2.4-3.6c-0.5-2.9-1.1-5.8-1.5-8.7c-0.3-2.1-1.5-2.7-3.5-2.5C188.7,108.7,186.2,108.9,183.8,109.1z\"><\/path><path d=\"M325.8,243.5c2.9-0.3,5-0.6,7.1-0.7c6.7-0.3,12.2,3.7,13.9,10.2c0.8,3.1,1.3,6.2,1.7,9.4c0.6,5.8-3.1,11.5-8.8,13.5 c-2.3,0.8-4.7,1.6-7.1,2.1c-2.6,0.5-3.4,2-4.2,4.4c-2,6.2,0,9.8,5.4,13.2c7.7,4.8,8.9,11.6,4.6,19.5c-1.1,2-2.2,3.9-3.4,5.8 c-3.6,5.4-10.1,7.4-16.2,5.1c-0.6-0.2-1.1-0.4-1.6-0.7c-5.6-4-10.6-3.4-14.7,2.1c-0.9,1.2-1.6,3-1.5,4.5c0.1,2.2,1.1,4.3,1.6,6.5 c1.7,7.3-1.4,13.5-8.3,16.4c-2.5,1-5,2-7.6,2.7c-6.3,1.8-12.4-0.8-15.6-6.6c-0.3-0.5-0.6-1-0.8-1.6c-1.7-6.7-6.1-9.3-12.7-7.9 c-1.4,0.3-3,1.1-3.8,2.3c-1.4,2.1-2.3,4.6-3.5,6.9c-3.2,6-9.4,8.6-15.8,6.7c-2.8-0.8-5.6-1.8-8.3-3c-5.9-2.6-9-8.7-7.7-15.1 c0.1-0.6,0.1-1.2,0.4-1.7c3.4-6.5,0.9-11.1-4.9-14.3c-1.1-0.6-2.8-0.9-4-0.5c-2.6,0.8-4.9,2.2-7.5,3.2c-5.4,2.1-11.3,1-14.8-3.5 c-2.6-3.4-4.9-7.3-6.5-11.3c-1.9-4.7-0.5-9.3,2.9-13.1c0.8-0.9,1.7-1.8,2.7-2.3c6.4-2.9,8.2-7.5,5.9-14.2c-0.7-1.9-1.4-3-3.3-3.5 c-2.5-0.6-5-1.3-7.5-2.1c-6.3-2.1-10-8.1-9.1-14.6c0.3-2.6,0.8-5.1,1.3-7.7c1.4-6.8,7.1-11.2,14.1-10.9c0.4,0,0.7,0,1.1,0.1 c6.8,2.2,11-0.6,13.6-7c0.8-1.9,0.9-3.2-0.3-4.8c-1.6-2.1-3-4.2-4.4-6.4c-3.3-5.5-2.6-12.1,2-16.5c2.2-2.1,4.5-4.1,7-5.9 c5.2-3.8,11.8-3.5,16.6,0.7c0.5,0.5,1,1,1.6,1.4c6.5,6.3,6.5,6.3,14.9,2.9c1-0.4,2.1-1.8,2.4-2.9c0.5-2.3,0.5-4.7,0.8-7 c0.9-7.7,5.8-12.4,13.5-12.8c2.7-0.1,5.4-0.2,8.1,0c6.6,0.5,11.4,5,12.3,11.6c0.3,2.4,0.6,4.9,0.8,7.4c0.1,2.1,1.2,3,3.1,4.1 c6.1,3.5,10.3,1.8,14.7-3.2c5.5-6.2,12.7-6.3,19.2-1.1c1.9,1.5,3.9,3.1,5.6,4.8c4.5,4.4,5.4,11.1,2.2,16.5c-0.4,0.7-0.8,1.5-1.4,2.1 c-4.5,4.4-4.6,8.8-0.7,13.8C322.6,242.6,323.9,244,325.8,243.5z M326.8,254.8c-4.8,0.6-9.6-0.1-12.5-4.1c-3.8-5.4-8.6-10.6-8.2-17.9 c0.1-2.3,1.3-4.7,2.4-6.9c1.1-2.2,2.8-4.1,4.1-6.2c0.5-0.9,0.9-2.7,0.5-3.1c-2-2-4.1-4.2-6.6-5.1c-1.1-0.4-3.3,2-4.9,3.3 c-1.2,0.9-2.2,2.2-3.3,3.2c-8.2,7.2-27.6,1.6-30.6-8.9c-0.5-1.6-0.6-3.2-0.8-4.9c-0.3-2-0.3-4-0.7-6c-0.2-0.8-1.1-1.9-1.8-2.1 c-6.4-1.8-9,0-9.7,6.4c-0.1,1.3-0.3,2.6-0.5,3.9c-0.6,5.7-3.8,9.5-9.1,11.5c-2.6,1-5.3,2-8,2.9c-5.2,1.8-10,0.9-14.1-2.8 c-2-1.8-3.8-3.9-5.9-5.6c-0.8-0.6-2.5-0.9-3.3-0.5c-6.6,3.6-7,5.2-2.9,11.2c0.8,1.2,1.6,2.3,2.3,3.5c2.7,4.5,2.7,9.2,0.2,13.8 c-0.8,1.6-2,2.9-2.7,4.6c-3.4,7.9-9.4,10.8-17.9,9.9c-7.7-0.8-7.9-0.5-8.5,7.3c-0.1,1.1,1,2.8,2,3.3c2.6,1.1,5.4,1.6,8.1,2.5 c10.5,3.7,14.8,23.6,6.8,31.4c-0.9,0.9-2,1.6-3.1,2.4c-1.6,1.2-3.3,2.2-4.8,3.6c-0.7,0.6-1.6,2-1.4,2.5c1.3,2.6,2.7,5.4,4.7,7.3 c0.7,0.7,3.6-0.7,5.4-1.5c4-1.8,8.1-4.2,12.5-2.6c7.2,2.6,13.1,7.4,16.7,14.3c2.1,4.2,0.3,8.5-0.7,12.8c-1.4,5.5-1.4,5.5,3.7,7.3 c5,1.8,5,1.8,7.3-3.1c0.6-1.2,1.1-2.3,1.7-3.5c4.9-9.9,23.9-12.8,31.5-4.7c1.1,1.2,1.9,2.7,2.7,4.1c1.1,2,2.1,4,2.9,6 c0.9,2.2,2.3,2.8,4.5,1.8c1-0.4,2-0.8,3-1.1c3.1-0.8,4.4-2.3,3.1-5.6c-0.8-2.1-1.2-4.3-1.6-6.5c-1.2-5.6,0.6-10.2,5-13.8 c2.1-1.7,4.2-3.5,6.2-5.2c4.2-3.5,8.9-4.2,13.9-2.2c2.5,1,5,2.1,7.4,3.3c1.8,0.9,3,0.4,4.1-1.2c4.4-6.5,4.4-6.6-2-11.2 c-1.2-0.9-2.5-1.7-3.7-2.8c-3.6-3.3-5.2-7.4-4.3-12.4c0.3-1.6,0.8-3.2,0.9-4.9c0.5-8.9,5.1-13.9,13.8-15.8c6.8-1.5,6.6-1.8,5.4-8.8 c-0.5-2.8-1.7-3.9-4.5-3.4C330.1,254.7,328.5,254.7,326.8,254.8z\"><\/path><path d=\"M292.2,119.7c-18,0-32.6-14.6-32.5-32.6c0.1-17.8,14.6-32.3,32.4-32.4c17.9-0.1,32.6,14.6,32.6,32.5 C324.8,105.3,310.3,119.8,292.2,119.7z M292.4,108.3c11.7,0,21.1-9.6,21-21.2c-0.1-11.5-9.5-20.8-21-20.9 c-11.7-0.1-21.2,9.4-21.2,21.1C271.1,98.9,280.7,108.3,292.4,108.3z\"><\/path><path d=\"M149.6,131.2c-0.3,24.2-20.5,44.1-44.4,43.4C80.3,173.8,61,153,62.9,128.5c0.4-5.7,2.5-11.4,4.5-16.9c1.4-3.9,4.9-5,8-3.4 c3.1,1.6,3.9,4.6,2.2,8.5c-8.9,19.8,1.1,40.9,21.7,45.7c17.1,4,34.8-7.5,38.1-24.7c3.5-18-8.2-35-25.8-37.9 c-7.3-1.2-14.1-0.1-20.5,3.3c-2.3,1.2-4.8,1.7-6.5-0.2c-1.3-1.4-2.3-3.7-2.1-5.5c0.2-1.6,1.9-3.5,3.5-4.4c25-13.9,57.7,1.7,62.8,30 C149.1,125.6,149.3,128.4,149.6,131.2z\"><\/path><path d=\"M222.3,272.5c0.6-3.3,1-6.7,1.8-10c1.1-4.5,4.1-6.5,7.5-5.4c3.3,1,4.6,4,3.4,8.4c-3.6,14,3.3,27.6,16.4,32.4 c11.5,4.2,24.3,0,31.2-10.2c6.9-10.3,5.8-23.8-2.7-32.9c-8.4-9-21.7-11-32.4-5c-0.8,0.5-1.6,1-2.4,1.5c-3.1,1.8-6.3,1.3-8.2-1.2 c-1.9-2.7-1.2-6.1,1.9-8.3c8-5.6,16.9-7.8,26.5-6.5c19,2.6,32.9,18.2,33.2,36.8c0.3,19-12.8,34.9-31.9,38.3 C243.9,314.4,222.6,296.1,222.3,272.5z\"><\/path><\/svg>\t\t\t<\/div>\n\t\t<\/div>\n\t\t\t\t\t\t<\/div>\n\t\t\t\t<\/div>\n\t\t\t\t<div class=\"elementor-element elementor-element-0edf326 elementor-widget elementor-widget-heading\" data-id=\"0edf326\" data-element_type=\"widget\" data-e-type=\"widget\" data-widget_type=\"heading.default\">\n\t\t\t\t<div class=\"elementor-widget-container\">\n\t\t\t\t\t<h2 class=\"elementor-heading-title elementor-size-default\">Our work is ongoing. Our page where you can view our trials will be available soon.<\/h2>\t\t\t\t<\/div>\n\t\t\t\t<\/div>\n\t\t\t\t<\/div>\n\t\t<div id=\"e-n-tab-content-1080474043\" role=\"tabpanel\" aria-labelledby=\"e-n-tab-title-1080474043\" data-tab-index=\"3\" style=\"--n-tabs-title-order: 3;\" class=\" elementor-element elementor-element-89df864 e-con-full e-flex e-con e-child\" data-id=\"89df864\" data-element_type=\"container\" data-e-type=\"container\" data-settings=\"{&quot;jet_parallax_layout_list&quot;:[]}\">\n\t\t\t\t<div class=\"elementor-element elementor-element-60bf367 elementor-widget elementor-widget-image\" data-id=\"60bf367\" data-element_type=\"widget\" data-e-type=\"widget\" data-widget_type=\"image.default\">\n\t\t\t\t<div class=\"elementor-widget-container\">\n\t\t\t\t\t\t\t\t\t\t\t\t\t\t\t<img fetchpriority=\"high\" decoding=\"async\" width=\"250\" height=\"250\" src=\"https:\/\/www.drt.com.tr\/en\/wp-content\/uploads\/2023\/03\/DRT-CONNECT-LOGO.png\" class=\"attachment-full size-full wp-image-7087\" alt=\"\" srcset=\"https:\/\/www.drt.com.tr\/en\/wp-content\/uploads\/2023\/03\/DRT-CONNECT-LOGO.png 250w, https:\/\/www.drt.com.tr\/en\/wp-content\/uploads\/2023\/03\/DRT-CONNECT-LOGO-150x150.png 150w\" sizes=\"(max-width: 250px) 100vw, 250px\" \/>\t\t\t\t\t\t\t\t\t\t\t\t\t\t\t<\/div>\n\t\t\t\t<\/div>\n\t\t\t\t<div class=\"elementor-element elementor-element-99554fd elementor-widget__width-inherit elementor-widget elementor-widget-heading\" data-id=\"99554fd\" data-element_type=\"widget\" data-e-type=\"widget\" data-widget_type=\"heading.default\">\n\t\t\t\t<div class=\"elementor-widget-container\">\n\t\t\t\t\t<h2 class=\"elementor-heading-title elementor-size-default\">Meet the Farmer\u2019s Digital Assistant <br><b>DRT Connect \u00ae<\/b>!<\/h2>\t\t\t\t<\/div>\n\t\t\t\t<\/div>\n\t\t\t\t<div class=\"elementor-element elementor-element-97928a7 elementor-widget elementor-widget-image\" data-id=\"97928a7\" data-element_type=\"widget\" data-e-type=\"widget\" data-widget_type=\"image.default\">\n\t\t\t\t<div class=\"elementor-widget-container\">\n\t\t\t\t\t\t\t\t\t\t\t\t\t\t\t<img decoding=\"async\" width=\"1400\" height=\"521\" src=\"https:\/\/www.drt.com.tr\/en\/wp-content\/uploads\/2023\/11\/gorsel-3.png\" class=\"attachment-full size-full wp-image-7163\" alt=\"\" srcset=\"https:\/\/www.drt.com.tr\/en\/wp-content\/uploads\/2023\/11\/gorsel-3.png 1400w, https:\/\/www.drt.com.tr\/en\/wp-content\/uploads\/2023\/11\/gorsel-3-300x112.png 300w, https:\/\/www.drt.com.tr\/en\/wp-content\/uploads\/2023\/11\/gorsel-3-1024x381.png 1024w, https:\/\/www.drt.com.tr\/en\/wp-content\/uploads\/2023\/11\/gorsel-3-768x286.png 768w\" sizes=\"(max-width: 1400px) 100vw, 1400px\" \/>\t\t\t\t\t\t\t\t\t\t\t\t\t\t\t<\/div>\n\t\t\t\t<\/div>\n\t\t\t\t<div class=\"elementor-element elementor-element-8963f58 elementor-widget__width-initial elementor-widget-tablet__width-inherit elementor-widget elementor-widget-heading\" data-id=\"8963f58\" data-element_type=\"widget\" data-e-type=\"widget\" data-widget_type=\"heading.default\">\n\t\t\t\t<div class=\"elementor-widget-container\">\n\t\t\t\t\t<h2 class=\"elementor-heading-title elementor-size-default\">The future of agriculture is now at your fingertips!<br>\nDownload <b>DRT Connect<\/b> and join the innovative transformation in farming today!<\/h2>\t\t\t\t<\/div>\n\t\t\t\t<\/div>\n\t\t\t\t<div class=\"elementor-element elementor-element-cd5a11e elementor-widget elementor-widget-button\" data-id=\"cd5a11e\" data-element_type=\"widget\" data-e-type=\"widget\" data-widget_type=\"button.default\">\n\t\t\t\t<div class=\"elementor-widget-container\">\n\t\t\t\t\t\t\t\t\t<div class=\"elementor-button-wrapper\">\n\t\t\t\t\t<a class=\"elementor-button elementor-button-link elementor-size-sm\" href=\"http:\/\/drt.com.tr\/en\/drt-connect\/\">\n\t\t\t\t\t\t<span class=\"elementor-button-content-wrapper\">\n\t\t\t\t\t\t\t\t\t<span class=\"elementor-button-text\">Click here for detailed information<\/span>\n\t\t\t\t\t<\/span>\n\t\t\t\t\t<\/a>\n\t\t\t\t<\/div>\n\t\t\t\t\t\t\t\t<\/div>\n\t\t\t\t<\/div>\n\t\t\t\t<\/div>\n\t\t\t\t\t<\/div>\n\t\t<\/div>\n\t\t\t\t\t\t<\/div>\n\t\t\t\t<\/div>\n\t\t\t\t\t<\/div>\n\t\t\t\t<\/div>\n\t\t\t\t<\/div>\n\t\t","protected":false},"excerpt":{"rendered":"<p>DRT Farmer Academy Producer Information and Support Page Useful Information Trials DRT Connect We share years of knowledge and experience in our &#8216;Useful Information&#8217; section to help every farmer achieve more efficient production. 8 November Devam\u0131 31 August Devam\u0131 9 July Devam\u0131 View All Our work is ongoing. Our page where you can view our [&hellip;]<\/p>\n","protected":false},"author":1,"featured_media":0,"parent":0,"menu_order":0,"comment_status":"closed","ping_status":"closed","template":"","meta":{"footnotes":""},"class_list":["post-6674","page","type-page","status-publish","hentry"],"_links":{"self":[{"href":"https:\/\/www.drt.com.tr\/en\/wp-json\/wp\/v2\/pages\/6674","targetHints":{"allow":["GET"]}}],"collection":[{"href":"https:\/\/www.drt.com.tr\/en\/wp-json\/wp\/v2\/pages"}],"about":[{"href":"https:\/\/www.drt.com.tr\/en\/wp-json\/wp\/v2\/types\/page"}],"author":[{"embeddable":true,"href":"https:\/\/www.drt.com.tr\/en\/wp-json\/wp\/v2\/users\/1"}],"replies":[{"embeddable":true,"href":"https:\/\/www.drt.com.tr\/en\/wp-json\/wp\/v2\/comments?post=6674"}],"version-history":[{"count":4,"href":"https:\/\/www.drt.com.tr\/en\/wp-json\/wp\/v2\/pages\/6674\/revisions"}],"predecessor-version":[{"id":8082,"href":"https:\/\/www.drt.com.tr\/en\/wp-json\/wp\/v2\/pages\/6674\/revisions\/8082"}],"wp:attachment":[{"href":"https:\/\/www.drt.com.tr\/en\/wp-json\/wp\/v2\/media?parent=6674"}],"curies":[{"name":"wp","href":"https:\/\/api.w.org\/{rel}","templated":true}]}}